{"id":58958,"date":"2023-01-17T15:07:49","date_gmt":"2023-01-17T14:07:49","guid":{"rendered":"https:\/\/cfpowertools.com\/?page_id=58958"},"modified":"2026-01-14T07:09:05","modified_gmt":"2026-01-14T06:09:05","slug":"anderungsprotokoll-2","status":"publish","type":"page","link":"https:\/\/cfpowertools.com\/de\/change-log\/","title":{"rendered":"\u00c4nderungsprotokoll"},"content":{"rendered":"<div data-elementor-type=\"wp-page\" data-elementor-id=\"58958\" class=\"elementor elementor-58958\" data-elementor-post-type=\"page\">\n\t\t\t\t\t\t<section class=\"elementor-section elementor-top-section elementor-element elementor-element-1d97316 elementor-section-boxed elementor-section-height-default elementor-section-height-default\" data-id=\"1d97316\" data-element_type=\"section\" data-e-type=\"section\" data-settings=\"{&quot;background_background&quot;:&quot;classic&quot;,&quot;jet_parallax_layout_list&quot;:[]}\">\n\t\t\t\t\t\t\t<div class=\"elementor-background-overlay\"><\/div>\n\t\t\t\t\t\t\t<div class=\"elementor-container elementor-column-gap-default\">\n\t\t\t\t\t<div class=\"elementor-column elementor-col-100 elementor-top-column elementor-element elementor-element-8d72f15\" data-id=\"8d72f15\" data-element_type=\"column\" data-e-type=\"column\">\n\t\t\t<div class=\"elementor-widget-wrap elementor-element-populated\">\n\t\t\t\t\t\t<div class=\"elementor-element elementor-element-a93f3d0 elementor-widget elementor-widget-heading\" data-id=\"a93f3d0\" data-element_type=\"widget\" data-e-type=\"widget\" data-widget_type=\"heading.default\">\n\t\t\t\t<div class=\"elementor-widget-container\">\n\t\t\t\t\t<h1 class=\"elementor-heading-title elementor-size-large\">\u00c4nderungsprotokoll<\/h1>\t\t\t\t<\/div>\n\t\t\t\t<\/div>\n\t\t\t\t<div class=\"elementor-element elementor-element-87dcad6 elementor-widget-divider--view-line elementor-widget elementor-widget-divider\" data-id=\"87dcad6\" data-element_type=\"widget\" data-e-type=\"widget\" data-widget_type=\"divider.default\">\n\t\t\t\t<div class=\"elementor-widget-container\">\n\t\t\t\t\t\t\t<div class=\"elementor-divider\">\n\t\t\t<span class=\"elementor-divider-separator\">\n\t\t\t\t\t\t<\/span>\n\t\t<\/div>\n\t\t\t\t\t\t<\/div>\n\t\t\t\t<\/div>\n\t\t\t\t<section class=\"elementor-section elementor-inner-section elementor-element elementor-element-2bffa6f elementor-section-full_width elementor-section-height-default elementor-section-height-default\" data-id=\"2bffa6f\" data-element_type=\"section\" data-e-type=\"section\" data-settings=\"{&quot;jet_parallax_layout_list&quot;:[]}\">\n\t\t\t\t\t\t<div class=\"elementor-container elementor-column-gap-default\">\n\t\t\t\t\t<div class=\"elementor-column elementor-col-100 elementor-inner-column elementor-element elementor-element-8e4f192\" data-id=\"8e4f192\" data-element_type=\"column\" data-e-type=\"column\">\n\t\t\t<div class=\"elementor-widget-wrap elementor-element-populated\">\n\t\t\t\t\t\t<div class=\"elementor-element elementor-element-1d11e26 elementor-widget elementor-widget-text-editor\" data-id=\"1d11e26\" data-element_type=\"widget\" data-e-type=\"widget\" data-widget_type=\"text-editor.default\">\n\t\t\t\t<div class=\"elementor-widget-container\">\n\t\t\t\t\t\t\t\t\t<p><strong>14. Januar 2026<\/strong><\/p><p>- Gelegentliche Zeit\u00fcberschreitung beim Synchronisieren gro\u00dfer Cloudflare-Stream-Bibliotheken behoben<br \/>- Verbesserte Fehlerbehandlung bei Verwendung ung\u00fcltiger API-Tokens<br \/>- Geringf\u00fcgige Korrekturen des UI-Abstands in der Videoliste<\/p>\t\t\t\t\t\t\t\t<\/div>\n\t\t\t\t<\/div>\n\t\t\t\t<div class=\"elementor-element elementor-element-a417605 elementor-widget elementor-widget-text-editor\" data-id=\"a417605\" data-element_type=\"widget\" data-e-type=\"widget\" data-widget_type=\"text-editor.default\">\n\t\t\t\t<div class=\"elementor-widget-container\">\n\t\t\t\t\t\t\t\t\t<p><strong>16. August 2025<br \/><\/strong><\/p><p>- Verbesserte Geschwindigkeit der Videosuche im WordPress-Admin<br \/>- Fehler behoben, bei dem die Beschriftungen bei der ersten Ver\u00f6ffentlichung nicht \u00fcbernommen wurden<br \/>- Kleine Leistungsverbesserung beim Laden von Videoanalysen<\/p>\t\t\t\t\t\t\t\t<\/div>\n\t\t\t\t<\/div>\n\t\t\t\t<div class=\"elementor-element elementor-element-32bad42 elementor-widget elementor-widget-text-editor\" data-id=\"32bad42\" data-element_type=\"widget\" data-e-type=\"widget\" data-widget_type=\"text-editor.default\">\n\t\t\t\t<div class=\"elementor-widget-container\">\n\t\t\t\t\t\t\t\t\t<p><strong>3,0 - 23. September 2024<br \/><\/strong>- Behebung verschiedener Fehler zur Verbesserung von Stabilit\u00e4t und Leistung<br \/>- verbesserte Funktionalit\u00e4t f\u00fcr eine nahtlosere Benutzererfahrung<br \/>- zus\u00e4tzliche Verwaltung von Untertiteln<br \/>- zus\u00e4tzlich Wasserzeichen erstellen und anwenden<br \/>- zus\u00e4tzliche M\u00f6glichkeit, Videoclips aus vorhandenen Videos zu erstellen<br \/>- zus\u00e4tzliche Bearbeitung und Kontrolle der \u00f6ffentlichen Details Ihrer Videos<br \/>- M\u00f6glichkeit zur Anpassung des Videoplayers hinzugef\u00fcgt <br \/>- Integration von Anzeigen \u00fcber AD-URLs und VAST-Tags hinzugef\u00fcgt<\/p>\t\t\t\t\t\t\t\t<\/div>\n\t\t\t\t<\/div>\n\t\t\t\t<div class=\"elementor-element elementor-element-d6ce607 elementor-widget elementor-widget-text-editor\" data-id=\"d6ce607\" data-element_type=\"widget\" data-e-type=\"widget\" data-widget_type=\"text-editor.default\">\n\t\t\t\t<div class=\"elementor-widget-container\">\n\t\t\t\t\t\t\t\t\t<p><strong>2,61 - 13. M\u00e4rz 2024<br \/><\/strong>- Fehler beim Videoimport behoben<\/p>\t\t\t\t\t\t\t\t<\/div>\n\t\t\t\t<\/div>\n\t\t\t\t<div class=\"elementor-element elementor-element-bb3e2b8 elementor-widget elementor-widget-text-editor\" data-id=\"bb3e2b8\" data-element_type=\"widget\" data-e-type=\"widget\" data-widget_type=\"text-editor.default\">\n\t\t\t\t<div class=\"elementor-widget-container\">\n\t\t\t\t\t\t\t\t\t<p><strong>2.6 - 20. Februar 2024<br><\/strong>- Pufferfehler behoben<br>- Massenimport von Domains funktioniert teilweise nicht<br>- Native Integration mit Divi Builder hinzugef\u00fcgt (CFPT Modul)<br>- Unterst\u00fctzung f\u00fcr chinesische Schriftzeichen hinzugef\u00fcgt<br>- verbesserte Fehlermeldungen beim Vorhandensein von Videos<\/p>\t\t\t\t\t\t\t\t<\/div>\n\t\t\t\t<\/div>\n\t\t\t\t<div class=\"elementor-element elementor-element-750fc0f elementor-widget elementor-widget-text-editor\" data-id=\"750fc0f\" data-element_type=\"widget\" data-e-type=\"widget\" data-widget_type=\"text-editor.default\">\n\t\t\t\t<div class=\"elementor-widget-container\">\n\t\t\t\t\t\t\t\t\t<p><strong>2,5 - 3. Dezember 2023<br \/><\/strong>- Unterst\u00fctzung von WP-Funktionen f\u00fcr Massen-\/Schnellbearbeitung hinzugef\u00fcgt<br \/>- Upload direkt zum Stream von WP hinzugef\u00fcgt<br \/>- Fehler im Feld time_uploaded behoben<br \/>- GIF-Standardwerte ge\u00e4ndert<br \/>- verbesserte UX und Men\u00fc<\/p>\t\t\t\t\t\t\t\t<\/div>\n\t\t\t\t<\/div>\n\t\t\t\t<div class=\"elementor-element elementor-element-71713b2 elementor-widget elementor-widget-text-editor\" data-id=\"71713b2\" data-element_type=\"widget\" data-e-type=\"widget\" data-widget_type=\"text-editor.default\">\n\t\t\t\t<div class=\"elementor-widget-container\">\n\t\t\t\t\t\t\t\t\t<p><strong>2.4 - 23. Oktober 2023<br \/><\/strong>- Native Integration mit Gutenberg hinzugef\u00fcgt<strong><br \/><\/strong><\/p>\t\t\t\t\t\t\t\t<\/div>\n\t\t\t\t<\/div>\n\t\t\t\t<div class=\"elementor-element elementor-element-7db039e elementor-widget elementor-widget-text-editor\" data-id=\"7db039e\" data-element_type=\"widget\" data-e-type=\"widget\" data-widget_type=\"text-editor.default\">\n\t\t\t\t<div class=\"elementor-widget-container\">\n\t\t\t\t\t\t\t\t\t<p><strong>2,3 - 31. August 2023<br \/><\/strong>- Videoposter von externer URL einstellen<br \/>- Import von Cloudflare-Stream durch Suche hinzugef\u00fcgt\u00a0<br \/>- Scannen und Importieren einzelner Videos aus dem Cloudflare-Stream hinzugef\u00fcgt<strong><br \/><\/strong><\/p>\t\t\t\t\t\t\t\t<\/div>\n\t\t\t\t<\/div>\n\t\t\t\t<div class=\"elementor-element elementor-element-af051c5 elementor-widget elementor-widget-text-editor\" data-id=\"af051c5\" data-element_type=\"widget\" data-e-type=\"widget\" data-widget_type=\"text-editor.default\">\n\t\t\t\t<div class=\"elementor-widget-container\">\n\t\t\t\t\t\t\t\t\t<p><strong>2.2 - 8. Juni 2023<br \/><\/strong>- Anpassung der Analyse-API (nach CF-Aktualisierung)<br \/>- Analytik UI\/UX-Verbesserung<br \/>- Modales Fenster bei der Erstellung von Analysen hinzugef\u00fcgt<strong><br \/><\/strong><\/p>\t\t\t\t\t\t\t\t<\/div>\n\t\t\t\t<\/div>\n\t\t\t\t<div class=\"elementor-element elementor-element-aa20c43 elementor-widget elementor-widget-text-editor\" data-id=\"aa20c43\" data-element_type=\"widget\" data-e-type=\"widget\" data-widget_type=\"text-editor.default\">\n\t\t\t\t<div class=\"elementor-widget-container\">\n\t\t\t\t\t\t\t\t\t<p><strong>v2.1 - 17. April 2023<br><\/strong>- wichtiges Update zur Kernstabilit\u00e4t<br>- mehrere Verbesserungen der Backend-Geschwindigkeit<br>- sortierbare Video-Spalte hinzugef\u00fcgt<br>- Spalte f\u00fcr Poster und Postertyp hinzugef\u00fcgt<br>- Zus\u00e4tzliche Funktionalit\u00e4ten f\u00fcr die Shortcode-Spalte hinzugef\u00fcgt<br>- Lademodal r\u00fcckg\u00e4ngig gemacht<br>- Fehlerbehebung beim Speichern von Videos<strong><br><\/strong><\/p>\t\t\t\t\t\t\t\t<\/div>\n\t\t\t\t<\/div>\n\t\t\t\t<div class=\"elementor-element elementor-element-5667b96 elementor-widget elementor-widget-text-editor\" data-id=\"5667b96\" data-element_type=\"widget\" data-e-type=\"widget\" data-widget_type=\"text-editor.default\">\n\t\t\t\t<div class=\"elementor-widget-container\">\n\t\t\t\t\t\t\t\t\t<p><strong>v2.0.1.1 - 26. Dezember 2022<br \/><\/strong>- Das Plugin wurde komplett \u00fcberarbeitet, um die Geschwindigkeit im Backend zu erh\u00f6hen.<br \/>- Probleme beim Aktivieren und Deaktivieren von Schaltfl\u00e4chen behoben, die manchmal auftraten<br \/>- Backend-Nachrichten neu gestalten<br \/>- Problem mit dem Init-Hook behoben, wie das Skript eingereiht wird<br \/>- Problem in der Vorschau behoben, wenn Details gel\u00f6scht werden<strong><br \/><\/strong><\/p>\t\t\t\t\t\t\t\t<\/div>\n\t\t\t\t<\/div>\n\t\t\t\t<div class=\"elementor-element elementor-element-1f0b135 elementor-widget elementor-widget-text-editor\" data-id=\"1f0b135\" data-element_type=\"widget\" data-e-type=\"widget\" data-widget_type=\"text-editor.default\">\n\t\t\t\t<div class=\"elementor-widget-container\">\n\t\t\t\t\t\t\t\t\t<p><strong>v2.0.1.0 - 26. April 2022<br \/><\/strong>- Elementor Native Block Unterst\u00fctzung hinzugef\u00fcgt<br \/>- Abw\u00e4rtskompatibilit\u00e4t<br \/>- Schieberegler f\u00fcr Miniaturansichten hinzugef\u00fcgt<br \/>- Thumbnail vom Beitrags\/Seiten-Featurebild hinzugef\u00fcgt<br \/>- GIF-Generator f\u00fcr Vorschaubilder hinzugef\u00fcgt<br \/>- kleinere Verbesserungen<br \/>- Probleme und Fehler bei Schl\u00fcsseln und Lizenzdeaktivierung behoben<\/p>\t\t\t\t\t\t\t\t<\/div>\n\t\t\t\t<\/div>\n\t\t\t\t<div class=\"elementor-element elementor-element-82e328a elementor-widget elementor-widget-text-editor\" data-id=\"82e328a\" data-element_type=\"widget\" data-e-type=\"widget\" data-widget_type=\"text-editor.default\">\n\t\t\t\t<div class=\"elementor-widget-container\">\n\t\t\t\t\t\t\t\t\t<p><strong>v2.0.0.9 - 28. M\u00e4rz 2022<br \/><\/strong>- Abw\u00e4rtskompatibilit\u00e4t<br \/>- Kompatibilit\u00e4t mit Firebase verbessert<\/p>\t\t\t\t\t\t\t\t<\/div>\n\t\t\t\t<\/div>\n\t\t\t\t<div class=\"elementor-element elementor-element-20ee7f8 elementor-widget elementor-widget-text-editor\" data-id=\"20ee7f8\" data-element_type=\"widget\" data-e-type=\"widget\" data-widget_type=\"text-editor.default\">\n\t\t\t\t<div class=\"elementor-widget-container\">\n\t\t\t\t\t\t\t\t\t<p><strong>v2.0.0.8 - 31. Januar 2022<\/strong><br \/>- Lizenzfehler beheben<br \/>- API-Fehler beheben<br \/>- Einstellungen der Medienseite neu gestalten<br \/>- Auswahl der Posterquelle hinzugef\u00fcgt<br \/>- Verbesserte Posterbildqualit\u00e4t<\/p>\t\t\t\t\t\t\t\t<\/div>\n\t\t\t\t<\/div>\n\t\t\t\t\t<\/div>\n\t\t<\/div>\n\t\t\t\t\t<\/div>\n\t\t<\/section>\n\t\t\t\t<section class=\"elementor-section elementor-inner-section elementor-element elementor-element-1969a17 elementor-section-full_width read_more_section elementor-section-height-default elementor-section-height-default\" data-id=\"1969a17\" data-element_type=\"section\" data-e-type=\"section\" data-settings=\"{&quot;jet_parallax_layout_list&quot;:[]}\">\n\t\t\t\t\t\t<div class=\"elementor-container elementor-column-gap-default\">\n\t\t\t\t\t<div class=\"elementor-column elementor-col-100 elementor-inner-column elementor-element elementor-element-db947e2\" data-id=\"db947e2\" data-element_type=\"column\" data-e-type=\"column\" id=\"moreA\">\n\t\t\t<div class=\"elementor-widget-wrap elementor-element-populated\">\n\t\t\t\t\t\t<div class=\"elementor-element elementor-element-4db4575 elementor-widget elementor-widget-text-editor\" data-id=\"4db4575\" data-element_type=\"widget\" data-e-type=\"widget\" data-widget_type=\"text-editor.default\">\n\t\t\t\t<div class=\"elementor-widget-container\">\n\t\t\t\t\t\t\t\t\t<p><strong>v2.0.0.7 - 27. Oktober 2021<\/strong><br \/>- Verbesserung der Shortcodes<\/p>\t\t\t\t\t\t\t\t<\/div>\n\t\t\t\t<\/div>\n\t\t\t\t<div class=\"elementor-element elementor-element-355461f elementor-widget elementor-widget-text-editor\" data-id=\"355461f\" data-element_type=\"widget\" data-e-type=\"widget\" data-widget_type=\"text-editor.default\">\n\t\t\t\t<div class=\"elementor-widget-container\">\n\t\t\t\t\t\t\t\t\t<p><strong>v2.0.0.6 - 22. September 2021<\/strong><br \/>- Thumbnail wird nach WP-Update nicht mehr angezeigt<\/p>\t\t\t\t\t\t\t\t<\/div>\n\t\t\t\t<\/div>\n\t\t\t\t<div class=\"elementor-element elementor-element-95c3f9f elementor-widget elementor-widget-text-editor\" data-id=\"95c3f9f\" data-element_type=\"widget\" data-e-type=\"widget\" data-widget_type=\"text-editor.default\">\n\t\t\t\t<div class=\"elementor-widget-container\">\n\t\t\t\t\t\t\t\t\t<p><strong>v2.0.0.5 - 7. Juli 2021<\/strong><br \/>- kleinere Verbesserungen des Aktualisierungssystems<\/p>\t\t\t\t\t\t\t\t<\/div>\n\t\t\t\t<\/div>\n\t\t\t\t<div class=\"elementor-element elementor-element-a64451c elementor-widget elementor-widget-text-editor\" data-id=\"a64451c\" data-element_type=\"widget\" data-e-type=\"widget\" data-widget_type=\"text-editor.default\">\n\t\t\t\t<div class=\"elementor-widget-container\">\n\t\t\t\t\t\t\t\t\t<p><strong>v2.0.0.4 - 13. Juni 2021<\/strong><br \/>- Korrektur des falsch angezeigten Lizenzdatums<br \/>- WP-Backend-Fehler bei einigen Plugins beheben<\/p>\t\t\t\t\t\t\t\t<\/div>\n\t\t\t\t<\/div>\n\t\t\t\t<div class=\"elementor-element elementor-element-645eba1 elementor-widget elementor-widget-text-editor\" data-id=\"645eba1\" data-element_type=\"widget\" data-e-type=\"widget\" data-widget_type=\"text-editor.default\">\n\t\t\t\t<div class=\"elementor-widget-container\">\n\t\t\t\t\t\t\t\t\t<p><strong>v2.0.0.1 - 17. Mai 2021<\/strong><br \/>- Validierung von JSON-Antworten zur Vermeidung von PHP-Warnungen<br \/>- kleinere Fehlerbehebungen<\/p>\t\t\t\t\t\t\t\t<\/div>\n\t\t\t\t<\/div>\n\t\t\t\t<div class=\"elementor-element elementor-element-3954932 elementor-widget elementor-widget-text-editor\" data-id=\"3954932\" data-element_type=\"widget\" data-e-type=\"widget\" data-widget_type=\"text-editor.default\">\n\t\t\t\t<div class=\"elementor-widget-container\">\n\t\t\t\t\t\t\t\t\t<p><strong>v2.0.0.0 - 13. Mai 2021<\/strong><br \/>- \u00dcberarbeitetes Aktualisierungssystem f\u00fcr mehr Geschwindigkeit und Stabilit\u00e4t<\/p>\t\t\t\t\t\t\t\t<\/div>\n\t\t\t\t<\/div>\n\t\t\t\t<div class=\"elementor-element elementor-element-dfd3723 elementor-widget elementor-widget-text-editor\" data-id=\"dfd3723\" data-element_type=\"widget\" data-e-type=\"widget\" data-widget_type=\"text-editor.default\">\n\t\t\t\t<div class=\"elementor-widget-container\">\n\t\t\t\t\t\t\t\t\t<p><strong>v1.3.2 - 27. M\u00e4rz 2021<\/strong><br \/>- Sprachen Franz\u00f6sisch, Deutsch, Spanisch, Italienisch hinzuf\u00fcgen<br \/>- Behebung eines Analysefehlers, um die Sortierung bei der Auswahl des Datums zu erm\u00f6glichen<\/p>\t\t\t\t\t\t\t\t<\/div>\n\t\t\t\t<\/div>\n\t\t\t\t<div class=\"elementor-element elementor-element-cfcc8bc elementor-widget elementor-widget-text-editor\" data-id=\"cfcc8bc\" data-element_type=\"widget\" data-e-type=\"widget\" data-widget_type=\"text-editor.default\">\n\t\t\t\t<div class=\"elementor-widget-container\">\n\t\t\t\t\t\t\t\t\t<p><strong>v1.3.1 - 28. Februar 2021<\/strong><br \/>- Langsames Laden der Seite aufgrund von Updates und Transienten beheben<\/p>\t\t\t\t\t\t\t\t<\/div>\n\t\t\t\t<\/div>\n\t\t\t\t<div class=\"elementor-element elementor-element-f3445ac elementor-widget elementor-widget-text-editor\" data-id=\"f3445ac\" data-element_type=\"widget\" data-e-type=\"widget\" data-widget_type=\"text-editor.default\">\n\t\t\t\t<div class=\"elementor-widget-container\">\n\t\t\t\t\t\t\t\t\t<p><strong>v1.3 - 15. Februar 2021<\/strong><br \/>- F\u00fcr jedes Video ein Posterbild aus der Zeit ausw\u00e4hlen<br \/>- \u00dcbersetzungsoptionen hinzuf\u00fcgen (Backend)<\/p>\t\t\t\t\t\t\t\t<\/div>\n\t\t\t\t<\/div>\n\t\t\t\t<div class=\"elementor-element elementor-element-c91ecf9 elementor-widget elementor-widget-text-editor\" data-id=\"c91ecf9\" data-element_type=\"widget\" data-e-type=\"widget\" data-widget_type=\"text-editor.default\">\n\t\t\t\t<div class=\"elementor-widget-container\">\n\t\t\t\t\t\t\t\t\t<p><strong>v1.2 - 05. Februar 2021<\/strong><br \/>- Update \u00fcber die Plugin-Seite hinzuf\u00fcgen (keine Installation aus dem Zip-Archiv erforderlich)<br \/>- PHP-Warnungen entfernen<\/p>\t\t\t\t\t\t\t\t<\/div>\n\t\t\t\t<\/div>\n\t\t\t\t<div class=\"elementor-element elementor-element-d16fa82 elementor-widget elementor-widget-text-editor\" data-id=\"d16fa82\" data-element_type=\"widget\" data-e-type=\"widget\" data-widget_type=\"text-editor.default\">\n\t\t\t\t<div class=\"elementor-widget-container\">\n\t\t\t\t\t\t\t\t\t<p><strong>v1.1 - 29. Dezember 2020<\/strong><br \/>- Fix Analytics-Updates - jetzt Updates um Mitternacht \u00fcber Cron<br \/>- Problem beim CSV-Export mit Kommas im Titel behoben<br \/>- Korrigiert falsche hochgeladene Zeit \/ Dauer f\u00fcr den Import einzelner Videos<br \/>- Schaltfl\u00e4che \u2018Einstellungen l\u00f6schen\u2019 hinzuf\u00fcgen<br \/>- Behebung von Kompatibilit\u00e4tsproblemen mit php7.4 und WP 5.6 (Datumsauswahl f\u00fcr Analysen)<br \/>- Plugin-Kurzname an den Dom\u00e4nennamen anpassen<\/p>\t\t\t\t\t\t\t\t<\/div>\n\t\t\t\t<\/div>\n\t\t\t\t<div class=\"elementor-element elementor-element-4e3ae54 elementor-widget elementor-widget-text-editor\" data-id=\"4e3ae54\" data-element_type=\"widget\" data-e-type=\"widget\" data-widget_type=\"text-editor.default\">\n\t\t\t\t<div class=\"elementor-widget-container\">\n\t\t\t\t\t\t\t\t\t<p><strong>v1.0 - 02. Dezember 2020<\/strong><br \/>- Erste gro\u00dfe Ver\u00f6ffentlichung unter der Marke CF Power Tools<\/p>\t\t\t\t\t\t\t\t<\/div>\n\t\t\t\t<\/div>\n\t\t\t\t<div class=\"elementor-element elementor-element-7e4d9a3 elementor-widget elementor-widget-text-editor\" data-id=\"7e4d9a3\" data-element_type=\"widget\" data-e-type=\"widget\" data-widget_type=\"text-editor.default\">\n\t\t\t\t<div class=\"elementor-widget-container\">\n\t\t\t\t\t\t\t\t\t<p><strong>v0.19 - Oktober 2020<\/strong><br \/>- Miniaturbild zur Backend-Seite hinzuf\u00fcgen<br \/>- Hinzuf\u00fcgen von Optionen f\u00fcr signierte URLs und zul\u00e4ssige Dom\u00e4nen pro Video<br \/>- Verschiedene kleinere Fehlerkorrekturen<\/p>\t\t\t\t\t\t\t\t<\/div>\n\t\t\t\t<\/div>\n\t\t\t\t<div class=\"elementor-element elementor-element-8adec75 elementor-widget elementor-widget-text-editor\" data-id=\"8adec75\" data-element_type=\"widget\" data-e-type=\"widget\" data-widget_type=\"text-editor.default\">\n\t\t\t\t<div class=\"elementor-widget-container\">\n\t\t\t\t\t\t\t\t\t<p><strong>v0.18 - September 2020<\/strong><br \/>- Upload- und Importfunktionen hinzuf\u00fcgen<br \/>- Export in CSV-Funktion hinzuf\u00fcgen<br \/>- Paginierung zur Analyse hinzuf\u00fcgen<\/p>\t\t\t\t\t\t\t\t<\/div>\n\t\t\t\t<\/div>\n\t\t\t\t<div class=\"elementor-element elementor-element-4149dc5 elementor-widget elementor-widget-text-editor\" data-id=\"4149dc5\" data-element_type=\"widget\" data-e-type=\"widget\" data-widget_type=\"text-editor.default\">\n\t\t\t\t<div class=\"elementor-widget-container\">\n\t\t\t\t\t\t\t\t\t<p><strong>v0.17 - August 2020<\/strong><br \/>- Analyse-Plugin einbinden<\/p>\t\t\t\t\t\t\t\t<\/div>\n\t\t\t\t<\/div>\n\t\t\t\t<div class=\"elementor-element elementor-element-3f16379 elementor-widget elementor-widget-text-editor\" data-id=\"3f16379\" data-element_type=\"widget\" data-e-type=\"widget\" data-widget_type=\"text-editor.default\">\n\t\t\t\t<div class=\"elementor-widget-container\">\n\t\t\t\t\t\t\t\t\t<p><strong>v0.16 - April 2020<\/strong><br \/>- Fix WPBackery Dropdown-Men\u00fc zeigt nur weniger als 100 Videos<br \/>- Geringf\u00fcgige Korrektur f\u00fcr CF-Stream-Kompatibilit\u00e4t<\/p>\t\t\t\t\t\t\t\t<\/div>\n\t\t\t\t<\/div>\n\t\t\t\t<div class=\"elementor-element elementor-element-47665db elementor-widget elementor-widget-text-editor\" data-id=\"47665db\" data-element_type=\"widget\" data-e-type=\"widget\" data-widget_type=\"text-editor.default\">\n\t\t\t\t<div class=\"elementor-widget-container\">\n\t\t\t\t\t\t\t\t\t<p><strong>v0.15 - Januar 2020<\/strong><br \/>- Erste Ver\u00f6ffentlichung unter CF Helper (Gorilla Communication)<\/p>\t\t\t\t\t\t\t\t<\/div>\n\t\t\t\t<\/div>\n\t\t\t\t<div class=\"elementor-element elementor-element-5cb36a5 elementor-widget elementor-widget-text-editor\" data-id=\"5cb36a5\" data-element_type=\"widget\" data-e-type=\"widget\" data-widget_type=\"text-editor.default\">\n\t\t\t\t<div class=\"elementor-widget-container\">\n\t\t\t\t\t\t\t\t\t<p><strong>v0.14 - Dezember 2019<\/strong><br \/>- Automatisches Abrufen der Clipdauer aus dem CF-Stream hinzuf\u00fcgen<\/p>\t\t\t\t\t\t\t\t<\/div>\n\t\t\t\t<\/div>\n\t\t\t\t<div class=\"elementor-element elementor-element-c60524c elementor-widget elementor-widget-text-editor\" data-id=\"c60524c\" data-element_type=\"widget\" data-e-type=\"widget\" data-widget_type=\"text-editor.default\">\n\t\t\t\t<div class=\"elementor-widget-container\">\n\t\t\t\t\t\t\t\t\t<p><strong>v0.13 - November 2019<br \/><\/strong>- Fix Signierschl\u00fcssel besch\u00e4digt, wenn unsigniert<br \/>- Hinzuf\u00fcgen von Playerparametern \u00fcber einen Kurzcode<br \/>- Hinzuf\u00fcgen mehrerer durch Komma getrennter Domains erlaubt<br \/>- Der neue WPBackery-Block wird bei der Suche nicht angezeigt<\/p>\t\t\t\t\t\t\t\t<\/div>\n\t\t\t\t<\/div>\n\t\t\t\t<div class=\"elementor-element elementor-element-a0c5933 elementor-widget elementor-widget-text-editor\" data-id=\"a0c5933\" data-element_type=\"widget\" data-e-type=\"widget\" data-widget_type=\"text-editor.default\">\n\t\t\t\t<div class=\"elementor-widget-container\">\n\t\t\t\t\t\t\t\t\t<p><strong>v0.12 - Oktober 2019<\/strong><br \/>- Schaltfl\u00e4che \u201cAlle freischalten\u201d f\u00fcr sichere URLs hinzuf\u00fcgen unsign<br \/>- Behebung von doppelten WPBackery-Bl\u00f6cken beim Einf\u00fcgen eines Videos<\/p>\t\t\t\t\t\t\t\t<\/div>\n\t\t\t\t<\/div>\n\t\t\t\t<div class=\"elementor-element elementor-element-e32b08a elementor-widget elementor-widget-text-editor\" data-id=\"e32b08a\" data-element_type=\"widget\" data-e-type=\"widget\" data-widget_type=\"text-editor.default\">\n\t\t\t\t<div class=\"elementor-widget-container\">\n\t\t\t\t\t\t\t\t\t<p><strong>v0.11 - September 2019<\/strong><br \/>- WPBackery Block Addon f\u00fcr automatische Shortcode-Einf\u00fcgung<br \/>- Pufferkapazit\u00e4t hinzuf\u00fcgen<br \/>- Hinzuf\u00fcgen der F\u00e4higkeit, Dom\u00e4nen zuzulassen<\/p>\t\t\t\t\t\t\t\t<\/div>\n\t\t\t\t<\/div>\n\t\t\t\t<div class=\"elementor-element elementor-element-15bc6fa elementor-widget elementor-widget-text-editor\" data-id=\"15bc6fa\" data-element_type=\"widget\" data-e-type=\"widget\" data-widget_type=\"text-editor.default\">\n\t\t\t\t<div class=\"elementor-widget-container\">\n\t\t\t\t\t\t\t\t\t<p><strong>v0.10 - Juli 2019<\/strong><br \/>- Integration von JWT-Bibliotheken zur Offline-Signierung von URLs<br \/>- Fix verhindert den direkten Zugriff auf oder die Ausf\u00fchrung von einigen PHP-Dateien<br \/>- Fix verschob hartcodierte URIs in die Konfiguration zusammen mit Fallbacks<\/p>\t\t\t\t\t\t\t\t<\/div>\n\t\t\t\t<\/div>\n\t\t\t\t\t<\/div>\n\t\t<\/div>\n\t\t\t\t\t<\/div>\n\t\t<\/section>\n\t\t\t\t\t<\/div>\n\t\t<\/div>\n\t\t\t\t\t<\/div>\n\t\t<\/section>\n\t\t\t\t<\/div>","protected":false},"excerpt":{"rendered":"<p>Change Log 14 January 2026 &#8211; Fixed occasional timeout when syncing large Cloudflare Stream libraries&#8211; Improved error handling when invalid API tokens are used&#8211; Minor UI spacing fixes in the video list 16 August 2025 &#8211; Improved video search speed in the WordPress admin&#8211; Fixed edge case where captions were not applied on first publish&#8211; [&hellip;]<\/p>\n","protected":false},"author":1,"featured_media":0,"parent":0,"menu_order":0,"comment_status":"closed","ping_status":"closed","template":"elementor_header_footer","meta":{"footnotes":""},"class_list":["post-58958","page","type-page","status-publish","hentry"],"_links":{"self":[{"href":"https:\/\/cfpowertools.com\/de\/wp-json\/wp\/v2\/pages\/58958","targetHints":{"allow":["GET"]}}],"collection":[{"href":"https:\/\/cfpowertools.com\/de\/wp-json\/wp\/v2\/pages"}],"about":[{"href":"https:\/\/cfpowertools.com\/de\/wp-json\/wp\/v2\/types\/page"}],"author":[{"embeddable":true,"href":"https:\/\/cfpowertools.com\/de\/wp-json\/wp\/v2\/users\/1"}],"replies":[{"embeddable":true,"href":"https:\/\/cfpowertools.com\/de\/wp-json\/wp\/v2\/comments?post=58958"}],"version-history":[{"count":0,"href":"https:\/\/cfpowertools.com\/de\/wp-json\/wp\/v2\/pages\/58958\/revisions"}],"wp:attachment":[{"href":"https:\/\/cfpowertools.com\/de\/wp-json\/wp\/v2\/media?parent=58958"}],"curies":[{"name":"wp","href":"https:\/\/api.w.org\/{rel}","templated":true}]}}