{"id":56551,"date":"2020-11-17T21:14:27","date_gmt":"2020-11-17T20:14:27","guid":{"rendered":"https:\/\/cfpowertools.com\/?post_type=product&#038;p=56551"},"modified":"2026-01-14T07:14:39","modified_gmt":"2026-01-14T06:14:39","slug":"cf-power-tools-expert","status":"publish","type":"product","link":"https:\/\/cfpowertools.com\/es\/product\/cf-power-tools-expert\/","title":{"rendered":"CF Power Tools Experto"},"content":{"rendered":"<div data-elementor-type=\"section\" data-elementor-id=\"59520\" class=\"elementor elementor-59520\" data-elementor-post-type=\"elementor_library\">\n\t\t\t\t\t<section class=\"elementor-section elementor-top-section elementor-element elementor-element-2a3e005 elementor-section-boxed elementor-section-height-default elementor-section-height-default\" data-id=\"2a3e005\" data-element_type=\"section\" data-e-type=\"section\" data-settings=\"{&quot;jet_parallax_layout_list&quot;:[]}\">\n\t\t\t\t\t\t<div class=\"elementor-container elementor-column-gap-default\">\n\t\t\t\t\t<div class=\"elementor-column elementor-col-100 elementor-top-column elementor-element elementor-element-d590201\" data-id=\"d590201\" data-element_type=\"column\" data-e-type=\"column\">\n\t\t\t<div class=\"elementor-widget-wrap elementor-element-populated\">\n\t\t\t\t\t\t<div class=\"elementor-element elementor-element-5d37800 elementor-widget elementor-widget-heading\" data-id=\"5d37800\" data-element_type=\"widget\" data-e-type=\"widget\" data-widget_type=\"heading.default\">\n\t\t\t\t<div class=\"elementor-widget-container\">\n\t\t\t\t\t<h2 class=\"elementor-heading-title elementor-size-large\">La soluci\u00f3n completa para integrar<br>\nCloudflare Stream y WordPress<\/h2>\t\t\t\t<\/div>\n\t\t\t\t<\/div>\n\t\t\t\t<div class=\"elementor-element elementor-element-0041c75 elementor-widget elementor-widget-text-editor\" data-id=\"0041c75\" data-element_type=\"widget\" data-e-type=\"widget\" data-widget_type=\"text-editor.default\">\n\t\t\t\t<div class=\"elementor-widget-container\">\n\t\t\t\t\t\t\t\t\t<p>Importa v\u00eddeos, firma URLs y obt\u00e9n an\u00e1lisis en un solo plugin.<br \/>Inst\u00e1lalo y config\u00faralo en 2 minutos y reproduce tus v\u00eddeos favoritos desde WP.<\/p>\t\t\t\t\t\t\t\t<\/div>\n\t\t\t\t<\/div>\n\t\t\t\t\t<\/div>\n\t\t<\/div>\n\t\t\t\t\t<\/div>\n\t\t<\/section>\n\t\t\t\t<section class=\"elementor-section elementor-top-section elementor-element elementor-element-32a1d49 elementor-section-boxed elementor-section-height-default elementor-section-height-default\" data-id=\"32a1d49\" data-element_type=\"section\" data-e-type=\"section\" data-settings=\"{&quot;jet_parallax_layout_list&quot;:[],&quot;background_background&quot;:&quot;classic&quot;}\">\n\t\t\t\t\t\t<div class=\"elementor-container elementor-column-gap-default\">\n\t\t\t\t\t<div class=\"elementor-column elementor-col-50 elementor-top-column elementor-element elementor-element-8170e0d\" data-id=\"8170e0d\" data-element_type=\"column\" data-e-type=\"column\">\n\t\t\t<div class=\"elementor-widget-wrap elementor-element-populated\">\n\t\t\t\t\t\t<div class=\"elementor-element elementor-element-b880f93 elementor-widget elementor-widget-image\" data-id=\"b880f93\" data-element_type=\"widget\" data-e-type=\"widget\" data-widget_type=\"image.default\">\n\t\t\t\t<div class=\"elementor-widget-container\">\n\t\t\t\t\t\t\t\t\t\t\t\t\t\t\t<img fetchpriority=\"high\" decoding=\"async\" width=\"240\" height=\"240\" src=\"https:\/\/cfpowertools.com\/wp-content\/uploads\/2023\/02\/14Day-Guarantee.png\" class=\"attachment-large size-large wp-image-60439\" alt=\"pol\u00edtica de devoluci\u00f3n del dinero cfpowertools\" srcset=\"https:\/\/cfpowertools.com\/wp-content\/uploads\/2023\/02\/14Day-Guarantee.png 240w, https:\/\/cfpowertools.com\/wp-content\/uploads\/2023\/02\/14Day-Guarantee-200x200.png 200w, https:\/\/cfpowertools.com\/wp-content\/uploads\/2023\/02\/14Day-Guarantee-120x120.png 120w, https:\/\/cfpowertools.com\/wp-content\/uploads\/2023\/02\/14Day-Guarantee-12x12.png 12w, https:\/\/cfpowertools.com\/wp-content\/uploads\/2023\/02\/14Day-Guarantee-100x100.png 100w\" sizes=\"(max-width: 240px) 100vw, 240px\" title=\"\">\t\t\t\t\t\t\t\t\t\t\t\t\t\t\t<\/div>\n\t\t\t\t<\/div>\n\t\t\t\t\t<\/div>\n\t\t<\/div>\n\t\t\t\t<div class=\"elementor-column elementor-col-50 elementor-top-column elementor-element elementor-element-31da517\" data-id=\"31da517\" data-element_type=\"column\" data-e-type=\"column\">\n\t\t\t<div class=\"elementor-widget-wrap elementor-element-populated\">\n\t\t\t\t\t\t<div class=\"elementor-element elementor-element-e7f6fdd elementor-widget elementor-widget-heading\" data-id=\"e7f6fdd\" data-element_type=\"widget\" data-e-type=\"widget\" data-widget_type=\"heading.default\">\n\t\t\t\t<div class=\"elementor-widget-container\">\n\t\t\t\t\t<span class=\"elementor-heading-title elementor-size-large\">100% GARANT\u00cdA SIN RIESGO<\/span>\t\t\t\t<\/div>\n\t\t\t\t<\/div>\n\t\t\t\t<div class=\"elementor-element elementor-element-a4405b8 elementor-widget elementor-widget-heading\" data-id=\"a4405b8\" data-element_type=\"widget\" data-e-type=\"widget\" data-widget_type=\"heading.default\">\n\t\t\t\t<div class=\"elementor-widget-container\">\n\t\t\t\t\t<h2 class=\"elementor-heading-title elementor-size-large\">Si no le gusta CF Power Tools en los pr\u00f3ximos 14 d\u00edas, le devolveremos 100% de su compra. <br>\nSin preguntas.<\/h2>\t\t\t\t<\/div>\n\t\t\t\t<\/div>\n\t\t\t\t<div class=\"elementor-element elementor-element-6cc2b31 elementor-widget elementor-widget-text-editor\" data-id=\"6cc2b31\" data-element_type=\"widget\" data-e-type=\"widget\" data-widget_type=\"text-editor.default\">\n\t\t\t\t<div class=\"elementor-widget-container\">\n\t\t\t\t\t\t\t\t\t<p>1. CF Power Tools simplemente funciona y est\u00e1 instalado en cientos de sitios web alojados en todo el mundo. Hay una raz\u00f3n por la que nuestros clientes mantienen su suscripci\u00f3n a CF Power Tools: \u00a1ven su efecto!<\/p><p>2. Una de nuestras creencias fundamentales es que nuestros clientes son lo primero - SIEMPRE - y hacemos todo lo que est\u00e1 en nuestra mano para asegurarnos de que su experiencia con CF Power Tools sea un \u00e9xito.<\/p><p>Esta garant\u00eda cubre 14 d\u00edas completos y, durante ese tiempo, haremos todo lo posible para ayudarle a tener \u00e9xito.<\/p><p>Gracias, \u00a1y esperamos formar parte pronto de su historia de \u00e9xito!<\/p>\t\t\t\t\t\t\t\t<\/div>\n\t\t\t\t<\/div>\n\t\t\t\t\t<\/div>\n\t\t<\/div>\n\t\t\t\t\t<\/div>\n\t\t<\/section>\n\t\t\t\t<\/div>","protected":false},"excerpt":{"rendered":"<ul>\n<li>Licencia para 5 sitios web<\/li>\n<li>Acceso ilimitado a todas las funciones<\/li>\n<li>V\u00eddeos ilimitados<\/li>\n<li>1 a\u00f1o de licencia y actualizaciones<\/li>\n<li>1 a\u00f1o de asistencia mejorada<\/li>\n<li>Facturaci\u00f3n anual<\/li>\n<li>14 d\u00edas de garant\u00eda de devoluci\u00f3n<\/li>\n<\/ul>","protected":false},"featured_media":60481,"template":"","meta":[],"product_brand":[],"product_cat":[141],"product_tag":[],"class_list":{"0":"post-56551","1":"product","2":"type-product","3":"status-publish","4":"has-post-thumbnail","6":"product_cat-cfpt","8":"first","9":"instock","10":"downloadable","11":"virtual","12":"sold-individually","13":"purchasable","14":"product-type-simple"},"_links":{"self":[{"href":"https:\/\/cfpowertools.com\/es\/wp-json\/wp\/v2\/product\/56551","targetHints":{"allow":["GET"]}}],"collection":[{"href":"https:\/\/cfpowertools.com\/es\/wp-json\/wp\/v2\/product"}],"about":[{"href":"https:\/\/cfpowertools.com\/es\/wp-json\/wp\/v2\/types\/product"}],"wp:featuredmedia":[{"embeddable":true,"href":"https:\/\/cfpowertools.com\/es\/wp-json\/wp\/v2\/media\/60481"}],"wp:attachment":[{"href":"https:\/\/cfpowertools.com\/es\/wp-json\/wp\/v2\/media?parent=56551"}],"wp:term":[{"taxonomy":"product_brand","embeddable":true,"href":"https:\/\/cfpowertools.com\/es\/wp-json\/wp\/v2\/product_brand?post=56551"},{"taxonomy":"product_cat","embeddable":true,"href":"https:\/\/cfpowertools.com\/es\/wp-json\/wp\/v2\/product_cat?post=56551"},{"taxonomy":"product_tag","embeddable":true,"href":"https:\/\/cfpowertools.com\/es\/wp-json\/wp\/v2\/product_tag?post=56551"}],"curies":[{"name":"wp","href":"https:\/\/api.w.org\/{rel}","templated":true}]}}