{"id":56534,"date":"2020-11-17T19:28:04","date_gmt":"2020-11-17T18:28:04","guid":{"rendered":"https:\/\/cfpowertools.com\/?post_type=product&#038;p=56534"},"modified":"2026-01-14T07:14:33","modified_gmt":"2026-01-14T06:14:33","slug":"cf-power-tools-worker","status":"publish","type":"product","link":"https:\/\/cfpowertools.com\/fr\/product\/cf-power-tools-worker\/","title":{"rendered":"CF Power Tools Travailleur"},"content":{"rendered":"<div data-elementor-type=\"section\" data-elementor-id=\"59520\" class=\"elementor elementor-59520\" data-elementor-post-type=\"elementor_library\">\n\t\t\t\t\t<section class=\"elementor-section elementor-top-section elementor-element elementor-element-2a3e005 elementor-section-boxed elementor-section-height-default elementor-section-height-default\" data-id=\"2a3e005\" data-element_type=\"section\" data-e-type=\"section\" data-settings=\"{&quot;jet_parallax_layout_list&quot;:[]}\">\n\t\t\t\t\t\t<div class=\"elementor-container elementor-column-gap-default\">\n\t\t\t\t\t<div class=\"elementor-column elementor-col-100 elementor-top-column elementor-element elementor-element-d590201\" data-id=\"d590201\" data-element_type=\"column\" data-e-type=\"column\">\n\t\t\t<div class=\"elementor-widget-wrap elementor-element-populated\">\n\t\t\t\t\t\t<div class=\"elementor-element elementor-element-5d37800 elementor-widget elementor-widget-heading\" data-id=\"5d37800\" data-element_type=\"widget\" data-e-type=\"widget\" data-widget_type=\"heading.default\">\n\t\t\t\t<div class=\"elementor-widget-container\">\n\t\t\t\t\t<h2 class=\"elementor-heading-title elementor-size-large\">La solution compl\u00e8te pour int\u00e9grer<br>\nCloudflare Stream et WordPress<\/h2>\t\t\t\t<\/div>\n\t\t\t\t<\/div>\n\t\t\t\t<div class=\"elementor-element elementor-element-0041c75 elementor-widget elementor-widget-text-editor\" data-id=\"0041c75\" data-element_type=\"widget\" data-e-type=\"widget\" data-widget_type=\"text-editor.default\">\n\t\t\t\t<div class=\"elementor-widget-container\">\n\t\t\t\t\t\t\t\t\t<p>Importez des vid\u00e9os, signez des URL et obtenez des analyses dans un seul plugin.<br \/>Installez-le et configurez-le en 2 minutes, puis lisez vos vid\u00e9os pr\u00e9f\u00e9r\u00e9es depuis WP.<\/p>\t\t\t\t\t\t\t\t<\/div>\n\t\t\t\t<\/div>\n\t\t\t\t\t<\/div>\n\t\t<\/div>\n\t\t\t\t\t<\/div>\n\t\t<\/section>\n\t\t\t\t<section class=\"elementor-section elementor-top-section elementor-element elementor-element-32a1d49 elementor-section-boxed elementor-section-height-default elementor-section-height-default\" data-id=\"32a1d49\" data-element_type=\"section\" data-e-type=\"section\" data-settings=\"{&quot;jet_parallax_layout_list&quot;:[],&quot;background_background&quot;:&quot;classic&quot;}\">\n\t\t\t\t\t\t<div class=\"elementor-container elementor-column-gap-default\">\n\t\t\t\t\t<div class=\"elementor-column elementor-col-50 elementor-top-column elementor-element elementor-element-8170e0d\" data-id=\"8170e0d\" data-element_type=\"column\" data-e-type=\"column\">\n\t\t\t<div class=\"elementor-widget-wrap elementor-element-populated\">\n\t\t\t\t\t\t<div class=\"elementor-element elementor-element-b880f93 elementor-widget elementor-widget-image\" data-id=\"b880f93\" data-element_type=\"widget\" data-e-type=\"widget\" data-widget_type=\"image.default\">\n\t\t\t\t<div class=\"elementor-widget-container\">\n\t\t\t\t\t\t\t\t\t\t\t\t\t\t\t<img fetchpriority=\"high\" decoding=\"async\" width=\"240\" height=\"240\" src=\"https:\/\/cfpowertools.com\/wp-content\/uploads\/2023\/02\/14Day-Guarantee.png\" class=\"attachment-large size-large wp-image-60439\" alt=\"Politique de remboursement cfpowertools\" srcset=\"https:\/\/cfpowertools.com\/wp-content\/uploads\/2023\/02\/14Day-Guarantee.png 240w, https:\/\/cfpowertools.com\/wp-content\/uploads\/2023\/02\/14Day-Guarantee-200x200.png 200w, https:\/\/cfpowertools.com\/wp-content\/uploads\/2023\/02\/14Day-Guarantee-120x120.png 120w, https:\/\/cfpowertools.com\/wp-content\/uploads\/2023\/02\/14Day-Guarantee-12x12.png 12w, https:\/\/cfpowertools.com\/wp-content\/uploads\/2023\/02\/14Day-Guarantee-100x100.png 100w\" sizes=\"(max-width: 240px) 100vw, 240px\" title=\"\">\t\t\t\t\t\t\t\t\t\t\t\t\t\t\t<\/div>\n\t\t\t\t<\/div>\n\t\t\t\t\t<\/div>\n\t\t<\/div>\n\t\t\t\t<div class=\"elementor-column elementor-col-50 elementor-top-column elementor-element elementor-element-31da517\" data-id=\"31da517\" data-element_type=\"column\" data-e-type=\"column\">\n\t\t\t<div class=\"elementor-widget-wrap elementor-element-populated\">\n\t\t\t\t\t\t<div class=\"elementor-element elementor-element-e7f6fdd elementor-widget elementor-widget-heading\" data-id=\"e7f6fdd\" data-element_type=\"widget\" data-e-type=\"widget\" data-widget_type=\"heading.default\">\n\t\t\t\t<div class=\"elementor-widget-container\">\n\t\t\t\t\t<span class=\"elementor-heading-title elementor-size-large\">100% GARANTIE SANS RISQUE<\/span>\t\t\t\t<\/div>\n\t\t\t\t<\/div>\n\t\t\t\t<div class=\"elementor-element elementor-element-a4405b8 elementor-widget elementor-widget-heading\" data-id=\"a4405b8\" data-element_type=\"widget\" data-e-type=\"widget\" data-widget_type=\"heading.default\">\n\t\t\t\t<div class=\"elementor-widget-container\">\n\t\t\t\t\t<h2 class=\"elementor-heading-title elementor-size-large\">Si vous n'aimez pas CF Power Tools au cours des 14 prochains jours, nous vous rembourserons 100% de votre achat. <br>\nAucune question n'est pos\u00e9e.<\/h2>\t\t\t\t<\/div>\n\t\t\t\t<\/div>\n\t\t\t\t<div class=\"elementor-element elementor-element-6cc2b31 elementor-widget elementor-widget-text-editor\" data-id=\"6cc2b31\" data-element_type=\"widget\" data-e-type=\"widget\" data-widget_type=\"text-editor.default\">\n\t\t\t\t<div class=\"elementor-widget-container\">\n\t\t\t\t\t\t\t\t\t<p>1. CF Power Tools fonctionne tout simplement et il est install\u00e9 sur des centaines de sites web h\u00e9berg\u00e9s dans le monde entier. Ce n'est pas pour rien que nos clients maintiennent leur abonnement \u00e0 CF Power Tools - ils en voient les effets !<\/p><p>2. L'une de nos convictions fondamentales est que nous donnons la priorit\u00e9 \u00e0 nos clients - TOUJOURS - et nous faisons tout ce qui est en notre pouvoir pour que votre exp\u00e9rience avec CF Power Tools soit un succ\u00e8s.<\/p><p>Cette garantie couvre une p\u00e9riode de 14 jours, pendant laquelle nous ferons tout notre possible pour vous aider \u00e0 r\u00e9ussir.<\/p><p>Merci, et nous esp\u00e9rons faire bient\u00f4t partie de votre histoire \u00e0 succ\u00e8s !<\/p>\t\t\t\t\t\t\t\t<\/div>\n\t\t\t\t<\/div>\n\t\t\t\t\t<\/div>\n\t\t<\/div>\n\t\t\t\t\t<\/div>\n\t\t<\/section>\n\t\t\t\t<\/div>","protected":false},"excerpt":{"rendered":"<ul>\n<li>1 licence de site web<\/li>\n<li>Acc\u00e8s illimit\u00e9 \u00e0 toutes les fonctionnalit\u00e9s<\/li>\n<li>Vid\u00e9os illimit\u00e9es<\/li>\n<li>1 an de licence et mises \u00e0 jour<\/li>\n<li>1 an d'assistance standard<\/li>\n<li>Facturation annuelle<\/li>\n<li>Garantie de remboursement de 14 jours<\/li>\n<\/ul>","protected":false},"featured_media":60481,"template":"","meta":[],"product_brand":[],"product_cat":[141],"product_tag":[],"class_list":{"0":"post-56534","1":"product","2":"type-product","3":"status-publish","4":"has-post-thumbnail","6":"product_cat-cfpt","8":"first","9":"instock","10":"downloadable","11":"virtual","12":"sold-individually","13":"purchasable","14":"product-type-simple"},"_links":{"self":[{"href":"https:\/\/cfpowertools.com\/fr\/wp-json\/wp\/v2\/product\/56534","targetHints":{"allow":["GET"]}}],"collection":[{"href":"https:\/\/cfpowertools.com\/fr\/wp-json\/wp\/v2\/product"}],"about":[{"href":"https:\/\/cfpowertools.com\/fr\/wp-json\/wp\/v2\/types\/product"}],"wp:featuredmedia":[{"embeddable":true,"href":"https:\/\/cfpowertools.com\/fr\/wp-json\/wp\/v2\/media\/60481"}],"wp:attachment":[{"href":"https:\/\/cfpowertools.com\/fr\/wp-json\/wp\/v2\/media?parent=56534"}],"wp:term":[{"taxonomy":"product_brand","embeddable":true,"href":"https:\/\/cfpowertools.com\/fr\/wp-json\/wp\/v2\/product_brand?post=56534"},{"taxonomy":"product_cat","embeddable":true,"href":"https:\/\/cfpowertools.com\/fr\/wp-json\/wp\/v2\/product_cat?post=56534"},{"taxonomy":"product_tag","embeddable":true,"href":"https:\/\/cfpowertools.com\/fr\/wp-json\/wp\/v2\/product_tag?post=56534"}],"curies":[{"name":"wp","href":"https:\/\/api.w.org\/{rel}","templated":true}]}}