{"id":56707,"date":"2020-11-23T10:29:25","date_gmt":"2020-11-23T09:29:25","guid":{"rendered":"https:\/\/cfpowertools.com\/?page_id=56707"},"modified":"2025-02-12T21:52:35","modified_gmt":"2025-02-12T20:52:35","slug":"politica-de-privacidade","status":"publish","type":"page","link":"https:\/\/cfpowertools.com\/pt\/privacy-policy\/","title":{"rendered":"Pol\u00edtica de privacidade"},"content":{"rendered":"<div data-elementor-type=\"wp-page\" data-elementor-id=\"56707\" class=\"elementor elementor-56707\" data-elementor-post-type=\"page\">\n\t\t\t\t\t\t<section class=\"elementor-section elementor-top-section elementor-element elementor-element-1bf8f32 elementor-section-boxed elementor-section-height-default elementor-section-height-default\" data-id=\"1bf8f32\" data-element_type=\"section\" data-e-type=\"section\" data-settings=\"{&quot;jet_parallax_layout_list&quot;:[]}\">\n\t\t\t\t\t\t\t<div class=\"elementor-background-overlay\"><\/div>\n\t\t\t\t\t\t\t<div class=\"elementor-container elementor-column-gap-default\">\n\t\t\t\t\t<div class=\"elementor-column elementor-col-100 elementor-top-column elementor-element elementor-element-c0f0576\" data-id=\"c0f0576\" data-element_type=\"column\" data-e-type=\"column\">\n\t\t\t<div class=\"elementor-widget-wrap elementor-element-populated\">\n\t\t\t\t\t\t<div class=\"elementor-element elementor-element-fce3444 elementor-widget elementor-widget-heading\" data-id=\"fce3444\" data-element_type=\"widget\" data-e-type=\"widget\" data-widget_type=\"heading.default\">\n\t\t\t\t<div class=\"elementor-widget-container\">\n\t\t\t\t\t<h1 class=\"elementor-heading-title elementor-size-large\">Pol\u00edtica de privacidade<\/h1>\t\t\t\t<\/div>\n\t\t\t\t<\/div>\n\t\t\t\t<div class=\"elementor-element elementor-element-cded4fe elementor-widget-divider--view-line elementor-widget elementor-widget-divider\" data-id=\"cded4fe\" data-element_type=\"widget\" data-e-type=\"widget\" data-widget_type=\"divider.default\">\n\t\t\t\t<div class=\"elementor-widget-container\">\n\t\t\t\t\t\t\t<div class=\"elementor-divider\">\n\t\t\t<span class=\"elementor-divider-separator\">\n\t\t\t\t\t\t<\/span>\n\t\t<\/div>\n\t\t\t\t\t\t<\/div>\n\t\t\t\t<\/div>\n\t\t\t\t<div class=\"elementor-element elementor-element-e946f3b elementor-widget elementor-widget-text-editor\" data-id=\"e946f3b\" data-element_type=\"widget\" data-e-type=\"widget\" data-widget_type=\"text-editor.default\">\n\t\t\t\t<div class=\"elementor-widget-container\">\n\t\t\t\t\t\t\t\t\t<p class=\"affiliatetext\"><b>\u00daltima atualiza\u00e7\u00e3o: 13 de novembro de 2024<\/b><\/p>\t\t\t\t\t\t\t\t<\/div>\n\t\t\t\t<\/div>\n\t\t\t\t<div class=\"elementor-element elementor-element-80726db elementor-widget elementor-widget-text-editor\" data-id=\"80726db\" data-element_type=\"widget\" data-e-type=\"widget\" data-widget_type=\"text-editor.default\">\n\t\t\t\t<div class=\"elementor-widget-container\">\n\t\t\t\t\t\t\t\t\t<p>CFPowerTools (\u201cn\u00f3s\u201d, \u201cn\u00f3s\u201d, ou \u201cnosso\u201d) opera o website CFPowerTools.com (o \u201cServi\u00e7o\u201d).<\/p><p>Esta p\u00e1gina informa-o sobre as nossas pol\u00edticas relativas \u00e0 recolha, utiliza\u00e7\u00e3o e divulga\u00e7\u00e3o de Informa\u00e7\u00f5es Pessoais quando utiliza o nosso Servi\u00e7o.<\/p><p>N\u00e3o utilizaremos nem partilharemos as suas informa\u00e7\u00f5es com ningu\u00e9m, exceto conforme descrito na presente Pol\u00edtica de Privacidade.<\/p><p>Utilizamos as suas informa\u00e7\u00f5es pessoais para fornecer e melhorar o Servi\u00e7o. Ao utilizar o Servi\u00e7o, o utilizador concorda com a recolha e utiliza\u00e7\u00e3o de informa\u00e7\u00f5es de acordo com esta pol\u00edtica. Salvo defini\u00e7\u00e3o em contr\u00e1rio na presente Pol\u00edtica de privacidade, os termos utilizados na presente Pol\u00edtica de privacidade t\u00eam o mesmo significado que nos nossos Termos e condi\u00e7\u00f5es, acess\u00edveis em\u00a0<a href=\"\/pt\/terms-of-service\/\">CFPowerTools.com\/terms-of-service<\/a><\/p><p><b>Recolha e utiliza\u00e7\u00e3o de informa\u00e7\u00f5es<\/b><\/p><p>Ao utilizar o nosso Servi\u00e7o, podemos pedir-lhe que nos forne\u00e7a determinadas informa\u00e7\u00f5es de identifica\u00e7\u00e3o pessoal que podem ser utilizadas para o contactar ou identificar. As informa\u00e7\u00f5es de identifica\u00e7\u00e3o pessoal podem incluir, mas n\u00e3o se limitam a, o seu nome, n\u00famero de telefone, endere\u00e7o postal, outras informa\u00e7\u00f5es (\u201cInforma\u00e7\u00f5es pessoais\u201d).<\/p><p><b>Dados de registo<\/b><\/p><p>Recolhemos informa\u00e7\u00f5es que o seu browser envia sempre que visita o nosso Servi\u00e7o (\u201cDados de registo\u201d). Estes Dados de Registo podem incluir informa\u00e7\u00f5es como o endere\u00e7o do Protocolo de Internet (\u201cIP\u201d) do seu computador, o tipo de browser, a vers\u00e3o do browser, as p\u00e1ginas do nosso Servi\u00e7o que visita, a hora e a data da sua visita, o tempo passado nessas p\u00e1ginas e outras estat\u00edsticas.<\/p><p><b>Biscoitos<\/b><\/p><p>Os cookies s\u00e3o ficheiros com uma pequena quantidade de dados, que podem incluir um identificador \u00fanico an\u00f3nimo. Os cookies s\u00e3o enviados para o seu browser a partir de um s\u00edtio Web e armazenados no disco r\u00edgido do seu computador.<\/p><p>Utilizamos \u201ccookies\u201d para recolher informa\u00e7\u00f5es. O utilizador pode dar instru\u00e7\u00f5es ao seu browser para recusar todos os cookies ou para indicar quando um cookie est\u00e1 a ser enviado. No entanto, se n\u00e3o aceitar cookies, poder\u00e1 n\u00e3o conseguir utilizar algumas partes do nosso Servi\u00e7o.<\/p><p><b>Prestadores de servi\u00e7os<\/b><\/p><p>Podemos empregar empresas e indiv\u00edduos terceiros para facilitar o nosso Servi\u00e7o, para fornecer o Servi\u00e7o em nosso nome, para efetuar servi\u00e7os relacionados com o Servi\u00e7o ou para nos ajudar a analisar a forma como o nosso Servi\u00e7o \u00e9 utilizado.<\/p><p>Estes terceiros t\u00eam acesso \u00e0s suas Informa\u00e7\u00f5es Pessoais apenas para realizar estas tarefas em nosso nome e s\u00e3o obrigados a n\u00e3o as divulgar ou utilizar para qualquer outro fim.<\/p><p><b>Seguran\u00e7a<\/b><\/p><p>A seguran\u00e7a das suas Informa\u00e7\u00f5es Pessoais \u00e9 importante para n\u00f3s, mas lembre-se que nenhum m\u00e9todo de transmiss\u00e3o atrav\u00e9s da Internet ou m\u00e9todo de armazenamento eletr\u00f3nico \u00e9 100% seguro. Embora nos esforcemos por utilizar meios comercialmente aceit\u00e1veis para proteger as suas Informa\u00e7\u00f5es Pessoais, n\u00e3o podemos garantir a sua seguran\u00e7a absoluta.<\/p><p><b>Liga\u00e7\u00f5es para outros s\u00edtios<\/b><\/p><p>O nosso Servi\u00e7o pode conter liga\u00e7\u00f5es para outros sites que n\u00e3o s\u00e3o operados por n\u00f3s. Se clicar numa liga\u00e7\u00e3o de terceiros, ser\u00e1 direcionado para o site desses terceiros. Aconselhamos vivamente o utilizador a rever a Pol\u00edtica de Privacidade de todos os sites que visitar.<\/p><p>N\u00e3o temos qualquer controlo e n\u00e3o assumimos qualquer responsabilidade pelo conte\u00fado, pol\u00edticas de privacidade ou pr\u00e1ticas de quaisquer sites ou servi\u00e7os de terceiros.<\/p><p><b>Privacidade das crian\u00e7as<\/b><\/p><p>O nosso Servi\u00e7o n\u00e3o se dirige a pessoas com menos de 13 anos (\u201cCrian\u00e7as\u201d).<\/p><p>N\u00e3o recolhemos intencionalmente informa\u00e7\u00f5es pessoais identific\u00e1veis de crian\u00e7as com menos de 13 anos. Se for pai ou tutor e tiver conhecimento de que os seus filhos nos forneceram informa\u00e7\u00f5es pessoais, contacte-nos. Se descobrirmos que uma Crian\u00e7a com menos de 13 anos nos forneceu Informa\u00e7\u00f5es Pessoais, eliminaremos imediatamente essas informa\u00e7\u00f5es dos nossos servidores.<\/p><p><b>Altera\u00e7\u00f5es a esta pol\u00edtica de privacidade<\/b><\/p><p>A nossa Pol\u00edtica de Privacidade pode ser actualizada periodicamente. Notific\u00e1-lo-emos de quaisquer altera\u00e7\u00f5es, publicando a nova Pol\u00edtica de Privacidade nesta p\u00e1gina.<\/p><p>Aconselha-se o utilizador a rever periodicamente esta Pol\u00edtica de Privacidade para verificar se existem altera\u00e7\u00f5es. As altera\u00e7\u00f5es a esta Pol\u00edtica de Privacidade entram em vigor quando s\u00e3o publicadas nesta p\u00e1gina.<\/p><p><b>Contactar-nos<\/b><\/p><p>Se tiver alguma d\u00favida sobre esta Pol\u00edtica de Privacidade,\u00a0<a href=\"\/pt\/entrar-em-contacto\/\">contacte-nos<\/a>.<\/p>\t\t\t\t\t\t\t\t<\/div>\n\t\t\t\t<\/div>\n\t\t\t\t\t<\/div>\n\t\t<\/div>\n\t\t\t\t\t<\/div>\n\t\t<\/section>\n\t\t\t\t<\/div>","protected":false},"excerpt":{"rendered":"<p>Privacy Policy Last updated: November 13, 2024 CFPowerTools (\u201cus\u201d, \u201cwe\u201d, or \u201cour\u201d) operates the CFPowerTools.com website (the \u201cService\u201d). This page informs you of our policies regarding the collection, use and disclosure of Personal Information when you use our Service. We will not use or share your information with anyone except as described in this Privacy [&hellip;]<\/p>\n","protected":false},"author":1,"featured_media":0,"parent":0,"menu_order":0,"comment_status":"closed","ping_status":"closed","template":"elementor_header_footer","meta":{"footnotes":""},"class_list":["post-56707","page","type-page","status-publish","hentry"],"_links":{"self":[{"href":"https:\/\/cfpowertools.com\/pt\/wp-json\/wp\/v2\/pages\/56707","targetHints":{"allow":["GET"]}}],"collection":[{"href":"https:\/\/cfpowertools.com\/pt\/wp-json\/wp\/v2\/pages"}],"about":[{"href":"https:\/\/cfpowertools.com\/pt\/wp-json\/wp\/v2\/types\/page"}],"author":[{"embeddable":true,"href":"https:\/\/cfpowertools.com\/pt\/wp-json\/wp\/v2\/users\/1"}],"replies":[{"embeddable":true,"href":"https:\/\/cfpowertools.com\/pt\/wp-json\/wp\/v2\/comments?post=56707"}],"version-history":[{"count":0,"href":"https:\/\/cfpowertools.com\/pt\/wp-json\/wp\/v2\/pages\/56707\/revisions"}],"wp:attachment":[{"href":"https:\/\/cfpowertools.com\/pt\/wp-json\/wp\/v2\/media?parent=56707"}],"curies":[{"name":"wp","href":"https:\/\/api.w.org\/{rel}","templated":true}]}}