{"id":59089,"date":"2023-01-17T17:40:32","date_gmt":"2023-01-17T16:40:32","guid":{"rendered":"https:\/\/cfpowertools.com\/?page_id=59089"},"modified":"2025-02-12T22:11:12","modified_gmt":"2025-02-12T21:11:12","slug":"equipa","status":"publish","type":"page","link":"https:\/\/cfpowertools.com\/pt\/team\/","title":{"rendered":"Equipa"},"content":{"rendered":"<div data-elementor-type=\"wp-page\" data-elementor-id=\"59089\" class=\"elementor elementor-59089\" data-elementor-post-type=\"page\">\n\t\t\t\t\t\t<section class=\"elementor-section elementor-top-section elementor-element elementor-element-eb35938 elementor-section-boxed elementor-section-height-default elementor-section-height-default\" data-id=\"eb35938\" data-element_type=\"section\" data-e-type=\"section\" data-settings=\"{&quot;jet_parallax_layout_list&quot;:[]}\">\n\t\t\t\t\t\t\t<div class=\"elementor-background-overlay\"><\/div>\n\t\t\t\t\t\t\t<div class=\"elementor-container elementor-column-gap-default\">\n\t\t\t\t\t<div class=\"elementor-column elementor-col-100 elementor-top-column elementor-element elementor-element-d5cf2f1\" data-id=\"d5cf2f1\" data-element_type=\"column\" data-e-type=\"column\">\n\t\t\t<div class=\"elementor-widget-wrap elementor-element-populated\">\n\t\t\t\t\t\t<div class=\"elementor-element elementor-element-57b84ed elementor-widget elementor-widget-heading\" data-id=\"57b84ed\" data-element_type=\"widget\" data-e-type=\"widget\" data-widget_type=\"heading.default\">\n\t\t\t\t<div class=\"elementor-widget-container\">\n\t\t\t\t\t<h1 class=\"elementor-heading-title elementor-size-large\">A nossa equipa<\/h1>\t\t\t\t<\/div>\n\t\t\t\t<\/div>\n\t\t\t\t<div class=\"elementor-element elementor-element-4329418 elementor-widget-divider--view-line elementor-widget elementor-widget-divider\" data-id=\"4329418\" data-element_type=\"widget\" data-e-type=\"widget\" data-widget_type=\"divider.default\">\n\t\t\t\t<div class=\"elementor-widget-container\">\n\t\t\t\t\t\t\t<div class=\"elementor-divider\">\n\t\t\t<span class=\"elementor-divider-separator\">\n\t\t\t\t\t\t<\/span>\n\t\t<\/div>\n\t\t\t\t\t\t<\/div>\n\t\t\t\t<\/div>\n\t\t\t\t<div class=\"elementor-element elementor-element-b030508 elementor-widget elementor-widget-text-editor\" data-id=\"b030508\" data-element_type=\"widget\" data-e-type=\"widget\" data-widget_type=\"text-editor.default\">\n\t\t\t\t<div class=\"elementor-widget-container\">\n\t\t\t\t\t\t\t\t\t<p>Uma equipa pequena, din\u00e2mica e flex\u00edvel de co-fundadores e apoiantes e os nossos clientes sempre no topo das nossas prioridades, s\u00e3o as duas chaves do sucesso do CF Power Tools. Inicialmente, base\u00e1mos o CF Power Tools nas nossas necessidades pessoais, mas rapidamente evolu\u00edmos para o que \u00e9 agora. Em tudo o que fazemos, temos sempre em mente a nossa miss\u00e3o principal: dar valor e simplificar a vida dos nossos utilizadores finais.<\/p><p>Por favor, n\u00e3o hesite em\u00a0<a href=\"https:\/\/cfpowertools.com\/pt\/entrar-em-contacto\/\">entrar em contacto connosco<\/a>\u00a0para qualquer d\u00favida, pergunta ou feedback que possa ter.<\/p>\t\t\t\t\t\t\t\t<\/div>\n\t\t\t\t<\/div>\n\t\t\t\t\t<\/div>\n\t\t<\/div>\n\t\t\t\t\t<\/div>\n\t\t<\/section>\n\t\t\t\t<section class=\"elementor-section elementor-top-section elementor-element elementor-element-2dc0427 elementor-section-full_width elementor-section-height-default elementor-section-height-default\" data-id=\"2dc0427\" data-element_type=\"section\" data-e-type=\"section\" data-settings=\"{&quot;jet_parallax_layout_list&quot;:[]}\">\n\t\t\t\t\t\t<div class=\"elementor-container elementor-column-gap-default\">\n\t\t\t\t\t<div class=\"elementor-column elementor-col-50 elementor-top-column elementor-element elementor-element-44e583f\" data-id=\"44e583f\" data-element_type=\"column\" data-e-type=\"column\">\n\t\t\t<div class=\"elementor-widget-wrap elementor-element-populated\">\n\t\t\t\t\t\t<div class=\"elementor-element elementor-element-add6ba1 elementor-widget elementor-widget-image\" data-id=\"add6ba1\" data-element_type=\"widget\" data-e-type=\"widget\" data-widget_type=\"image.default\">\n\t\t\t\t<div class=\"elementor-widget-container\">\n\t\t\t\t\t\t\t\t\t\t\t\t\t\t\t<img fetchpriority=\"high\" decoding=\"async\" width=\"1024\" height=\"1024\" src=\"https:\/\/cfpowertools.com\/wp-content\/uploads\/2022\/02\/marco.jpg\" class=\"attachment-1536x1536 size-1536x1536 wp-image-58096\" alt=\"\" srcset=\"https:\/\/cfpowertools.com\/wp-content\/uploads\/2022\/02\/marco.jpg 1024w, https:\/\/cfpowertools.com\/wp-content\/uploads\/2022\/02\/marco-200x200.jpg 200w, https:\/\/cfpowertools.com\/wp-content\/uploads\/2022\/02\/marco-800x800.jpg 800w, https:\/\/cfpowertools.com\/wp-content\/uploads\/2022\/02\/marco-120x120.jpg 120w, https:\/\/cfpowertools.com\/wp-content\/uploads\/2022\/02\/marco-768x768.jpg 768w, https:\/\/cfpowertools.com\/wp-content\/uploads\/2022\/02\/marco-300x300.jpg 300w, https:\/\/cfpowertools.com\/wp-content\/uploads\/2022\/02\/marco-600x600.jpg 600w, https:\/\/cfpowertools.com\/wp-content\/uploads\/2022\/02\/marco-100x100.jpg 100w\" sizes=\"(max-width: 1024px) 100vw, 1024px\" title=\"\">\t\t\t\t\t\t\t\t\t\t\t\t\t\t\t<\/div>\n\t\t\t\t<\/div>\n\t\t\t\t\t<\/div>\n\t\t<\/div>\n\t\t\t\t<div class=\"elementor-column elementor-col-50 elementor-top-column elementor-element elementor-element-f8695ea\" data-id=\"f8695ea\" data-element_type=\"column\" data-e-type=\"column\">\n\t\t\t<div class=\"elementor-widget-wrap elementor-element-populated\">\n\t\t\t\t\t\t<div class=\"elementor-element elementor-element-4ec7638 elementor-widget elementor-widget-text-editor\" data-id=\"4ec7638\" data-element_type=\"widget\" data-e-type=\"widget\" data-widget_type=\"text-editor.default\">\n\t\t\t\t<div class=\"elementor-widget-container\">\n\t\t\t\t\t\t\t\t\t<p>Marco -\u00a0<strong>Gest\u00e3o \/ Produto<\/strong><\/p>\t\t\t\t\t\t\t\t<\/div>\n\t\t\t\t<\/div>\n\t\t\t\t<div class=\"elementor-element elementor-element-4438369 elementor-widget elementor-widget-heading\" data-id=\"4438369\" data-element_type=\"widget\" data-e-type=\"widget\" data-widget_type=\"heading.default\">\n\t\t\t\t<div class=\"elementor-widget-container\">\n\t\t\t\t\t<h3 class=\"elementor-heading-title elementor-size-medium\">Com um mestrado em psicologia social orientada para os neg\u00f3cios e fortes compet\u00eancias em TI, Marco desenvolveu-se com sucesso para se tornar um empres\u00e1rio e profissional de marketing digital h\u00e1 mais de 10 anos.\nFoi cofundador da CF Power Tools e, quando n\u00e3o est\u00e1 a tratar dos seus empreendimentos digitais, \u00e9 prov\u00e1vel que o veja a fazer montanhismo ou escalada.<\/h3>\t\t\t\t<\/div>\n\t\t\t\t<\/div>\n\t\t\t\t\t<\/div>\n\t\t<\/div>\n\t\t\t\t\t<\/div>\n\t\t<\/section>\n\t\t\t\t<section class=\"elementor-section elementor-top-section elementor-element elementor-element-2c82eaf elementor-section-full_width elementor-reverse-tablet elementor-reverse-mobile elementor-section-height-default elementor-section-height-default\" data-id=\"2c82eaf\" data-element_type=\"section\" data-e-type=\"section\" data-settings=\"{&quot;jet_parallax_layout_list&quot;:[]}\">\n\t\t\t\t\t\t<div class=\"elementor-container elementor-column-gap-default\">\n\t\t\t\t\t<div class=\"elementor-column elementor-col-50 elementor-top-column elementor-element elementor-element-b04118d\" data-id=\"b04118d\" data-element_type=\"column\" data-e-type=\"column\">\n\t\t\t<div class=\"elementor-widget-wrap elementor-element-populated\">\n\t\t\t\t\t\t<div class=\"elementor-element elementor-element-a2feba9 elementor-widget elementor-widget-text-editor\" data-id=\"a2feba9\" data-element_type=\"widget\" data-e-type=\"widget\" data-widget_type=\"text-editor.default\">\n\t\t\t\t<div class=\"elementor-widget-container\">\n\t\t\t\t\t\t\t\t\t<p>Roby -\u00a0<strong>FE \/ BE e Devops<\/strong><\/p>\t\t\t\t\t\t\t\t<\/div>\n\t\t\t\t<\/div>\n\t\t\t\t<div class=\"elementor-element elementor-element-9fadec0 elementor-widget elementor-widget-heading\" data-id=\"9fadec0\" data-element_type=\"widget\" data-e-type=\"widget\" data-widget_type=\"heading.default\">\n\t\t\t\t<div class=\"elementor-widget-container\">\n\t\t\t\t\t<h3 class=\"elementor-heading-title elementor-size-medium\">O Roby \u00e9 um programador full-stack capaz de resolver at\u00e9 o mais pequeno bug \ud83d\ude09 Quando n\u00e3o est\u00e1 a depurar ou a implementar novas funcionalidades para o CFPT, gosta da natureza, de caminhar e de ouvir heavy metal.<\/h3>\t\t\t\t<\/div>\n\t\t\t\t<\/div>\n\t\t\t\t\t<\/div>\n\t\t<\/div>\n\t\t\t\t<div class=\"elementor-column elementor-col-50 elementor-top-column elementor-element elementor-element-814fc2f\" data-id=\"814fc2f\" data-element_type=\"column\" data-e-type=\"column\">\n\t\t\t<div class=\"elementor-widget-wrap elementor-element-populated\">\n\t\t\t\t\t\t<div class=\"elementor-element elementor-element-5c6d7de elementor-widget elementor-widget-image\" data-id=\"5c6d7de\" data-element_type=\"widget\" data-e-type=\"widget\" data-widget_type=\"image.default\">\n\t\t\t\t<div class=\"elementor-widget-container\">\n\t\t\t\t\t\t\t\t\t\t\t\t\t\t\t<img decoding=\"async\" width=\"800\" height=\"800\" src=\"https:\/\/cfpowertools.com\/wp-content\/uploads\/2022\/02\/roby-800x800.jpg\" class=\"attachment-large size-large wp-image-58099\" alt=\"\" srcset=\"https:\/\/cfpowertools.com\/wp-content\/uploads\/2022\/02\/roby-800x800.jpg 800w, https:\/\/cfpowertools.com\/wp-content\/uploads\/2022\/02\/roby-200x200.jpg 200w, https:\/\/cfpowertools.com\/wp-content\/uploads\/2022\/02\/roby-120x120.jpg 120w, https:\/\/cfpowertools.com\/wp-content\/uploads\/2022\/02\/roby-768x768.jpg 768w, https:\/\/cfpowertools.com\/wp-content\/uploads\/2022\/02\/roby-300x300.jpg 300w, https:\/\/cfpowertools.com\/wp-content\/uploads\/2022\/02\/roby-600x600.jpg 600w, https:\/\/cfpowertools.com\/wp-content\/uploads\/2022\/02\/roby-100x100.jpg 100w, https:\/\/cfpowertools.com\/wp-content\/uploads\/2022\/02\/roby.jpg 1024w\" sizes=\"(max-width: 800px) 100vw, 800px\" title=\"\">\t\t\t\t\t\t\t\t\t\t\t\t\t\t\t<\/div>\n\t\t\t\t<\/div>\n\t\t\t\t\t<\/div>\n\t\t<\/div>\n\t\t\t\t\t<\/div>\n\t\t<\/section>\n\t\t\t\t<section class=\"elementor-section elementor-top-section elementor-element elementor-element-54ed03e elementor-section-full_width elementor-section-height-default elementor-section-height-default\" data-id=\"54ed03e\" data-element_type=\"section\" data-e-type=\"section\" data-settings=\"{&quot;jet_parallax_layout_list&quot;:[]}\">\n\t\t\t\t\t\t<div class=\"elementor-container elementor-column-gap-default\">\n\t\t\t\t\t<div class=\"elementor-column elementor-col-50 elementor-top-column elementor-element elementor-element-408a928\" data-id=\"408a928\" data-element_type=\"column\" data-e-type=\"column\">\n\t\t\t<div class=\"elementor-widget-wrap elementor-element-populated\">\n\t\t\t\t\t\t<div class=\"elementor-element elementor-element-19cefa1 elementor-widget elementor-widget-image\" data-id=\"19cefa1\" data-element_type=\"widget\" data-e-type=\"widget\" data-widget_type=\"image.default\">\n\t\t\t\t<div class=\"elementor-widget-container\">\n\t\t\t\t\t\t\t\t\t\t\t\t\t\t\t<img decoding=\"async\" width=\"800\" height=\"800\" src=\"https:\/\/cfpowertools.com\/wp-content\/uploads\/2022\/02\/giulia-800x800.jpg\" class=\"attachment-large size-large wp-image-58098\" alt=\"\" srcset=\"https:\/\/cfpowertools.com\/wp-content\/uploads\/2022\/02\/giulia-800x800.jpg 800w, https:\/\/cfpowertools.com\/wp-content\/uploads\/2022\/02\/giulia-200x200.jpg 200w, https:\/\/cfpowertools.com\/wp-content\/uploads\/2022\/02\/giulia-120x120.jpg 120w, https:\/\/cfpowertools.com\/wp-content\/uploads\/2022\/02\/giulia-768x768.jpg 768w, https:\/\/cfpowertools.com\/wp-content\/uploads\/2022\/02\/giulia-300x300.jpg 300w, https:\/\/cfpowertools.com\/wp-content\/uploads\/2022\/02\/giulia-600x600.jpg 600w, https:\/\/cfpowertools.com\/wp-content\/uploads\/2022\/02\/giulia-100x100.jpg 100w, https:\/\/cfpowertools.com\/wp-content\/uploads\/2022\/02\/giulia.jpg 1024w\" sizes=\"(max-width: 800px) 100vw, 800px\" title=\"\">\t\t\t\t\t\t\t\t\t\t\t\t\t\t\t<\/div>\n\t\t\t\t<\/div>\n\t\t\t\t\t<\/div>\n\t\t<\/div>\n\t\t\t\t<div class=\"elementor-column elementor-col-50 elementor-top-column elementor-element elementor-element-726ea45\" data-id=\"726ea45\" data-element_type=\"column\" data-e-type=\"column\">\n\t\t\t<div class=\"elementor-widget-wrap elementor-element-populated\">\n\t\t\t\t\t\t<div class=\"elementor-element elementor-element-45425e5 elementor-widget elementor-widget-text-editor\" data-id=\"45425e5\" data-element_type=\"widget\" data-e-type=\"widget\" data-widget_type=\"text-editor.default\">\n\t\t\t\t<div class=\"elementor-widget-container\">\n\t\t\t\t\t\t\t\t\t<p>Giulia -\u00a0<strong>Comunica\u00e7\u00e3o \/ Marketing<\/strong><\/p>\t\t\t\t\t\t\t\t<\/div>\n\t\t\t\t<\/div>\n\t\t\t\t<div class=\"elementor-element elementor-element-660e617 elementor-widget elementor-widget-heading\" data-id=\"660e617\" data-element_type=\"widget\" data-e-type=\"widget\" data-widget_type=\"heading.default\">\n\t\t\t\t<div class=\"elementor-widget-container\">\n\t\t\t\t\t<h3 class=\"elementor-heading-title elementor-size-medium\">A Giulia estudou na LSE e acabou por se formar em Marketing. \u00c9 uma especialista digital com uma enorme experi\u00eancia em growth hacking e lean marketing. \u00c9 a pessoa certa se quiser fazer parcerias ou rela\u00e7\u00f5es p\u00fablicas. Adora m\u00fasica e os seus c\u00e3es.<\/h3>\t\t\t\t<\/div>\n\t\t\t\t<\/div>\n\t\t\t\t\t<\/div>\n\t\t<\/div>\n\t\t\t\t\t<\/div>\n\t\t<\/section>\n\t\t\t\t<section class=\"elementor-section elementor-top-section elementor-element elementor-element-216a5ec elementor-section-full_width elementor-reverse-tablet elementor-reverse-mobile elementor-section-height-default elementor-section-height-default\" data-id=\"216a5ec\" data-element_type=\"section\" data-e-type=\"section\" data-settings=\"{&quot;jet_parallax_layout_list&quot;:[]}\">\n\t\t\t\t\t\t<div class=\"elementor-container elementor-column-gap-default\">\n\t\t\t\t\t<div class=\"elementor-column elementor-col-50 elementor-top-column elementor-element elementor-element-507c23e\" data-id=\"507c23e\" data-element_type=\"column\" data-e-type=\"column\">\n\t\t\t<div class=\"elementor-widget-wrap elementor-element-populated\">\n\t\t\t\t\t\t<div class=\"elementor-element elementor-element-76f2d73 elementor-widget elementor-widget-heading\" data-id=\"76f2d73\" data-element_type=\"widget\" data-e-type=\"widget\" data-widget_type=\"heading.default\">\n\t\t\t\t<div class=\"elementor-widget-container\">\n\t\t\t\t\t<h3 class=\"elementor-heading-title elementor-size-medium\">Este plugin foi co-fundado e desenvolvido com o apoio de AndyPi<\/h3>\t\t\t\t<\/div>\n\t\t\t\t<\/div>\n\t\t\t\t\t<\/div>\n\t\t<\/div>\n\t\t\t\t<div class=\"elementor-column elementor-col-50 elementor-top-column elementor-element elementor-element-ca89da0\" data-id=\"ca89da0\" data-element_type=\"column\" data-e-type=\"column\">\n\t\t\t<div class=\"elementor-widget-wrap elementor-element-populated\">\n\t\t\t\t\t\t<div class=\"elementor-element elementor-element-95054c5 elementor-widget elementor-widget-image\" data-id=\"95054c5\" data-element_type=\"widget\" data-e-type=\"widget\" data-widget_type=\"image.default\">\n\t\t\t\t<div class=\"elementor-widget-container\">\n\t\t\t\t\t\t\t\t\t\t\t\t\t\t\t<img loading=\"lazy\" decoding=\"async\" width=\"800\" height=\"800\" src=\"https:\/\/cfpowertools.com\/wp-content\/uploads\/2022\/02\/andy-800x800.jpg\" class=\"attachment-large size-large wp-image-58097\" alt=\"\" srcset=\"https:\/\/cfpowertools.com\/wp-content\/uploads\/2022\/02\/andy-800x800.jpg 800w, https:\/\/cfpowertools.com\/wp-content\/uploads\/2022\/02\/andy-200x200.jpg 200w, https:\/\/cfpowertools.com\/wp-content\/uploads\/2022\/02\/andy-120x120.jpg 120w, https:\/\/cfpowertools.com\/wp-content\/uploads\/2022\/02\/andy-768x768.jpg 768w, https:\/\/cfpowertools.com\/wp-content\/uploads\/2022\/02\/andy-300x300.jpg 300w, https:\/\/cfpowertools.com\/wp-content\/uploads\/2022\/02\/andy-600x600.jpg 600w, https:\/\/cfpowertools.com\/wp-content\/uploads\/2022\/02\/andy-100x100.jpg 100w, https:\/\/cfpowertools.com\/wp-content\/uploads\/2022\/02\/andy.jpg 1024w\" sizes=\"(max-width: 800px) 100vw, 800px\" title=\"\">\t\t\t\t\t\t\t\t\t\t\t\t\t\t\t<\/div>\n\t\t\t\t<\/div>\n\t\t\t\t\t<\/div>\n\t\t<\/div>\n\t\t\t\t\t<\/div>\n\t\t<\/section>\n\t\t\t\t<\/div>","protected":false},"excerpt":{"rendered":"<p>Our team A small, dynamic and flexible team of co-founders and all-around supporters and our customers always at the top of our priorities, are the two key of CF Power Tools success. We initially based CF Power Tools on our personal needs but soon evolved it to become what it is now. In everything we [&hellip;]<\/p>\n","protected":false},"author":1,"featured_media":0,"parent":0,"menu_order":0,"comment_status":"closed","ping_status":"closed","template":"elementor_header_footer","meta":{"footnotes":""},"class_list":["post-59089","page","type-page","status-publish","hentry"],"_links":{"self":[{"href":"https:\/\/cfpowertools.com\/pt\/wp-json\/wp\/v2\/pages\/59089","targetHints":{"allow":["GET"]}}],"collection":[{"href":"https:\/\/cfpowertools.com\/pt\/wp-json\/wp\/v2\/pages"}],"about":[{"href":"https:\/\/cfpowertools.com\/pt\/wp-json\/wp\/v2\/types\/page"}],"author":[{"embeddable":true,"href":"https:\/\/cfpowertools.com\/pt\/wp-json\/wp\/v2\/users\/1"}],"replies":[{"embeddable":true,"href":"https:\/\/cfpowertools.com\/pt\/wp-json\/wp\/v2\/comments?post=59089"}],"version-history":[{"count":0,"href":"https:\/\/cfpowertools.com\/pt\/wp-json\/wp\/v2\/pages\/59089\/revisions"}],"wp:attachment":[{"href":"https:\/\/cfpowertools.com\/pt\/wp-json\/wp\/v2\/media?parent=59089"}],"curies":[{"name":"wp","href":"https:\/\/api.w.org\/{rel}","templated":true}]}}