{"id":56551,"date":"2020-11-17T21:14:27","date_gmt":"2020-11-17T20:14:27","guid":{"rendered":"https:\/\/cfpowertools.com\/?post_type=product&#038;p=56551"},"modified":"2026-01-14T07:14:39","modified_gmt":"2026-01-14T06:14:39","slug":"cf-power-tools-expert","status":"publish","type":"product","link":"https:\/\/cfpowertools.com\/pt\/product\/cf-power-tools-expert\/","title":{"rendered":"Perito CF Power Tools"},"content":{"rendered":"<div data-elementor-type=\"section\" data-elementor-id=\"59520\" class=\"elementor elementor-59520\" data-elementor-post-type=\"elementor_library\">\n\t\t\t\t\t<section class=\"elementor-section elementor-top-section elementor-element elementor-element-2a3e005 elementor-section-boxed elementor-section-height-default elementor-section-height-default\" data-id=\"2a3e005\" data-element_type=\"section\" data-e-type=\"section\" data-settings=\"{&quot;jet_parallax_layout_list&quot;:[]}\">\n\t\t\t\t\t\t<div class=\"elementor-container elementor-column-gap-default\">\n\t\t\t\t\t<div class=\"elementor-column elementor-col-100 elementor-top-column elementor-element elementor-element-d590201\" data-id=\"d590201\" data-element_type=\"column\" data-e-type=\"column\">\n\t\t\t<div class=\"elementor-widget-wrap elementor-element-populated\">\n\t\t\t\t\t\t<div class=\"elementor-element elementor-element-5d37800 elementor-widget elementor-widget-heading\" data-id=\"5d37800\" data-element_type=\"widget\" data-e-type=\"widget\" data-widget_type=\"heading.default\">\n\t\t\t\t<div class=\"elementor-widget-container\">\n\t\t\t\t\t<h2 class=\"elementor-heading-title elementor-size-large\">A solu\u00e7\u00e3o completa para integrar<br>\nCloudflare Stream e WordPress<\/h2>\t\t\t\t<\/div>\n\t\t\t\t<\/div>\n\t\t\t\t<div class=\"elementor-element elementor-element-0041c75 elementor-widget elementor-widget-text-editor\" data-id=\"0041c75\" data-element_type=\"widget\" data-e-type=\"widget\" data-widget_type=\"text-editor.default\">\n\t\t\t\t<div class=\"elementor-widget-container\">\n\t\t\t\t\t\t\t\t\t<p>Importe v\u00eddeos, assine URLs e obtenha an\u00e1lises num \u00fanico plugin.<br \/>Instale-o e configure-o em 2 minutos e depois reproduza os seus v\u00eddeos favoritos a partir do WP.<\/p>\t\t\t\t\t\t\t\t<\/div>\n\t\t\t\t<\/div>\n\t\t\t\t\t<\/div>\n\t\t<\/div>\n\t\t\t\t\t<\/div>\n\t\t<\/section>\n\t\t\t\t<section class=\"elementor-section elementor-top-section elementor-element elementor-element-32a1d49 elementor-section-boxed elementor-section-height-default elementor-section-height-default\" data-id=\"32a1d49\" data-element_type=\"section\" data-e-type=\"section\" data-settings=\"{&quot;jet_parallax_layout_list&quot;:[],&quot;background_background&quot;:&quot;classic&quot;}\">\n\t\t\t\t\t\t<div class=\"elementor-container elementor-column-gap-default\">\n\t\t\t\t\t<div class=\"elementor-column elementor-col-50 elementor-top-column elementor-element elementor-element-8170e0d\" data-id=\"8170e0d\" data-element_type=\"column\" data-e-type=\"column\">\n\t\t\t<div class=\"elementor-widget-wrap elementor-element-populated\">\n\t\t\t\t\t\t<div class=\"elementor-element elementor-element-b880f93 elementor-widget elementor-widget-image\" data-id=\"b880f93\" data-element_type=\"widget\" data-e-type=\"widget\" data-widget_type=\"image.default\">\n\t\t\t\t<div class=\"elementor-widget-container\">\n\t\t\t\t\t\t\t\t\t\t\t\t\t\t\t<img fetchpriority=\"high\" decoding=\"async\" width=\"240\" height=\"240\" src=\"https:\/\/cfpowertools.com\/wp-content\/uploads\/2023\/02\/14Day-Guarantee.png\" class=\"attachment-large size-large wp-image-60439\" alt=\"pol\u00edtica de devolu\u00e7\u00e3o do dinheiro cfpowertools\" srcset=\"https:\/\/cfpowertools.com\/wp-content\/uploads\/2023\/02\/14Day-Guarantee.png 240w, https:\/\/cfpowertools.com\/wp-content\/uploads\/2023\/02\/14Day-Guarantee-200x200.png 200w, https:\/\/cfpowertools.com\/wp-content\/uploads\/2023\/02\/14Day-Guarantee-120x120.png 120w, https:\/\/cfpowertools.com\/wp-content\/uploads\/2023\/02\/14Day-Guarantee-12x12.png 12w, https:\/\/cfpowertools.com\/wp-content\/uploads\/2023\/02\/14Day-Guarantee-100x100.png 100w\" sizes=\"(max-width: 240px) 100vw, 240px\" title=\"\">\t\t\t\t\t\t\t\t\t\t\t\t\t\t\t<\/div>\n\t\t\t\t<\/div>\n\t\t\t\t\t<\/div>\n\t\t<\/div>\n\t\t\t\t<div class=\"elementor-column elementor-col-50 elementor-top-column elementor-element elementor-element-31da517\" data-id=\"31da517\" data-element_type=\"column\" data-e-type=\"column\">\n\t\t\t<div class=\"elementor-widget-wrap elementor-element-populated\">\n\t\t\t\t\t\t<div class=\"elementor-element elementor-element-e7f6fdd elementor-widget elementor-widget-heading\" data-id=\"e7f6fdd\" data-element_type=\"widget\" data-e-type=\"widget\" data-widget_type=\"heading.default\">\n\t\t\t\t<div class=\"elementor-widget-container\">\n\t\t\t\t\t<span class=\"elementor-heading-title elementor-size-large\">100% GARANTIA SEM RISCO<\/span>\t\t\t\t<\/div>\n\t\t\t\t<\/div>\n\t\t\t\t<div class=\"elementor-element elementor-element-a4405b8 elementor-widget elementor-widget-heading\" data-id=\"a4405b8\" data-element_type=\"widget\" data-e-type=\"widget\" data-widget_type=\"heading.default\">\n\t\t\t\t<div class=\"elementor-widget-container\">\n\t\t\t\t\t<h2 class=\"elementor-heading-title elementor-size-large\">Se n\u00e3o gostar do CF Power Tools nos pr\u00f3ximos 14 dias, reembolsaremos 100% da sua compra. <br>\nSem perguntas.<\/h2>\t\t\t\t<\/div>\n\t\t\t\t<\/div>\n\t\t\t\t<div class=\"elementor-element elementor-element-6cc2b31 elementor-widget elementor-widget-text-editor\" data-id=\"6cc2b31\" data-element_type=\"widget\" data-e-type=\"widget\" data-widget_type=\"text-editor.default\">\n\t\t\t\t<div class=\"elementor-widget-container\">\n\t\t\t\t\t\t\t\t\t<p>1. O CF Power Tools simplesmente funciona e est\u00e1 instalado em centenas de sites hospedados em todo o mundo. H\u00e1 uma raz\u00e3o pela qual os nossos clientes mant\u00eam a sua subscri\u00e7\u00e3o do CF Power Tools - eles v\u00eaem o seu efeito!<\/p><p>2. Uma das nossas cren\u00e7as fundamentais \u00e9 que colocamos os nossos clientes em primeiro lugar - SEMPRE - e fazemos tudo o que est\u00e1 ao nosso alcance para garantir que a sua experi\u00eancia com o CF Power Tools seja um sucesso.<\/p><p>Esta garantia cobre um per\u00edodo total de 14 dias e, durante esse per\u00edodo, faremos tudo o que for poss\u00edvel para o ajudar a ter \u00eaxito.<\/p><p>Obrigado, e esperamos fazer parte da sua hist\u00f3ria de sucesso em breve!<\/p>\t\t\t\t\t\t\t\t<\/div>\n\t\t\t\t<\/div>\n\t\t\t\t\t<\/div>\n\t\t<\/div>\n\t\t\t\t\t<\/div>\n\t\t<\/section>\n\t\t\t\t<\/div>","protected":false},"excerpt":{"rendered":"<ul>\n<li>5 Websites license<\/li>\n<li>Acesso ilimitado a todas as funcionalidades<\/li>\n<li>V\u00eddeos ilimitados<\/li>\n<li>1 ano de licen\u00e7a e actualiza\u00e7\u00f5es<\/li>\n<li>1 year of enhanced support<\/li>\n<li>Fatura\u00e7\u00e3o anual<\/li>\n<li>Garantia de reembolso de 14 dias<\/li>\n<\/ul>","protected":false},"featured_media":60481,"template":"","meta":[],"product_brand":[],"product_cat":[141],"product_tag":[],"class_list":{"0":"post-56551","1":"product","2":"type-product","3":"status-publish","4":"has-post-thumbnail","6":"product_cat-cfpt","8":"first","9":"instock","10":"downloadable","11":"virtual","12":"sold-individually","13":"purchasable","14":"product-type-simple"},"_links":{"self":[{"href":"https:\/\/cfpowertools.com\/pt\/wp-json\/wp\/v2\/product\/56551","targetHints":{"allow":["GET"]}}],"collection":[{"href":"https:\/\/cfpowertools.com\/pt\/wp-json\/wp\/v2\/product"}],"about":[{"href":"https:\/\/cfpowertools.com\/pt\/wp-json\/wp\/v2\/types\/product"}],"wp:featuredmedia":[{"embeddable":true,"href":"https:\/\/cfpowertools.com\/pt\/wp-json\/wp\/v2\/media\/60481"}],"wp:attachment":[{"href":"https:\/\/cfpowertools.com\/pt\/wp-json\/wp\/v2\/media?parent=56551"}],"wp:term":[{"taxonomy":"product_brand","embeddable":true,"href":"https:\/\/cfpowertools.com\/pt\/wp-json\/wp\/v2\/product_brand?post=56551"},{"taxonomy":"product_cat","embeddable":true,"href":"https:\/\/cfpowertools.com\/pt\/wp-json\/wp\/v2\/product_cat?post=56551"},{"taxonomy":"product_tag","embeddable":true,"href":"https:\/\/cfpowertools.com\/pt\/wp-json\/wp\/v2\/product_tag?post=56551"}],"curies":[{"name":"wp","href":"https:\/\/api.w.org\/{rel}","templated":true}]}}